{"id":178,"date":"2024-11-29T12:21:53","date_gmt":"2024-11-29T11:21:53","guid":{"rendered":"https:\/\/neurofon.nytud.hun-ren.hu\/?page_id=178"},"modified":"2025-02-11T08:08:14","modified_gmt":"2025-02-11T07:08:14","slug":"deme-andrea","status":"publish","type":"page","link":"https:\/\/neurofon.nytud.hun-ren.hu\/en\/a-kutatocsoportrol\/a-kutatocsoport_tagjai\/deme-andrea\/","title":{"rendered":"Andrea Deme"},"content":{"rendered":"\n<figure class=\"wp-block-image alignleft size-large is-resized\"><img loading=\"lazy\" decoding=\"async\" width=\"678\" height=\"1024\" src=\"https:\/\/neurofon.nytud.hun-ren.hu\/wp-content\/uploads\/2024\/12\/DA-678x1024.jpg\" alt=\"\" class=\"wp-image-266\" style=\"width:280px\" srcset=\"https:\/\/neurofon.nytud.hun-ren.hu\/wp-content\/uploads\/2024\/12\/DA-678x1024.jpg 678w, https:\/\/neurofon.nytud.hun-ren.hu\/wp-content\/uploads\/2024\/12\/DA-199x300.jpg 199w, https:\/\/neurofon.nytud.hun-ren.hu\/wp-content\/uploads\/2024\/12\/DA-768x1160.jpg 768w, https:\/\/neurofon.nytud.hun-ren.hu\/wp-content\/uploads\/2024\/12\/DA-1017x1536.jpg 1017w, https:\/\/neurofon.nytud.hun-ren.hu\/wp-content\/uploads\/2024\/12\/DA-1356x2048.jpg 1356w, https:\/\/neurofon.nytud.hun-ren.hu\/wp-content\/uploads\/2024\/12\/DA-scaled.jpg 1696w\" sizes=\"auto, (max-width: 678px) 100vw, 678px\" \/><\/figure>\n\n\n\n<p><strong>deme.andrea[@]btk.elte.hu<\/strong><br><a href=\"https:\/\/demeandrea.web.elte.hu\/\">demeandrea.web.elte.hu<\/a><\/p>\n\n\n\n<p><strong>Publik\u00e1ci\u00f3k<\/strong><br><a href=\"http:\/\/tinyurl.com\/z7duvn9m\">MTMT: 10024606<\/a><\/p>\n\n\n\n<p><strong>Kutat\u00e1si ter\u00fcletek<br><\/strong>a besz\u00e9dhangok v\u00e1ltozatoss\u00e1ga k\u00fcl\u00f6n\u00f6sen mag\u00e1nhangz\u00f3kban, koartikul\u00e1ci\u00f3, k\u00fcl\u00f6nleges produkci\u00f3s m\u00f3dok, gyors besz\u00e9d, redukci\u00f3s folyamatok<\/p>\n\n\n\n<p><strong>P\u00e1ly\u00e1zati tev\u00e9kenys\u00e9g, \u00f6szt\u00f6nd\u00edjak, elismer\u00e9sek<br>2024<\/strong>: Oktat\u00f3i Tudom\u00e1nyos Di\u00e1kk\u00f6ri D\u00edj, E\u00f6tv\u00f6s Lor\u00e1nd Tudom\u00e1nyegyetem<br><strong>2024<\/strong>: Ifj\u00fas\u00e1gi Nemzetk\u00f6zi Konferencia P\u00e1ly\u00e1zat t\u00e1mogat\u00e1sa, Magyar Tudom\u00e1nyos Akad\u00e9mia<br><strong>2024<\/strong>: Kari Tudom\u00e1nyos P\u00e1ly\u00e1zat, E\u00f6tv\u00f6s Lor\u00e1nd Tudom\u00e1nyegyetem<br><strong>2023<\/strong>: Bolyai Eml\u00e9klap, Magyar Tudom\u00e1nyos Akad\u00e9mia<br><strong>2022<\/strong>: Kari Publik\u00e1ci\u00f3s Kiv\u00e1l\u00f3s\u00e1gi D\u00edj, E\u00f6tv\u00f6s Lor\u00e1nd Tudom\u00e1nyegyetem<br><strong>2022<\/strong>: Kari Tudom\u00e1nyos P\u00e1ly\u00e1zat, E\u00f6tv\u00f6s Lor\u00e1nd Tudom\u00e1nyegyetem<br><strong>2021<\/strong>: Kari Publik\u00e1ci\u00f3s Kiv\u00e1l\u00f3s\u00e1gi D\u00edj, E\u00f6tv\u00f6s Lor\u00e1nd Tudom\u00e1nyegyetem<br><strong>2021<\/strong>: Az ELTE \u00cdg\u00e9retes Kutat\u00f3ja D\u00edj, E\u00f6tv\u00f6s Lor\u00e1nd Tudom\u00e1nyegyetem<br><strong>2021\u20132022<\/strong>: \u00daj Nemzeti Kiv\u00e1l\u00f3s\u00e1g Program \u00daNKP-21-5 (Bolyai+ Fels\u0151oktat\u00e1si Fiatal Oktat\u00f3i, Kutat\u00f3i \u00d6szt\u00f6nd\u00edj p\u00e1ly\u00e1zat), Innov\u00e1ci\u00f3s \u00e9s Technol\u00f3giai Miniszt\u00e9rium (Nemzeti Kutat\u00e1si, Fejleszt\u00e9si \u00e9s Innov\u00e1ci\u00f3s Alap) (ELTE\/12806\/1(2021))<br><strong>2020\u20132021<\/strong>: \u00daj Nemzeti Kiv\u00e1l\u00f3s\u00e1g Program \u00daNKP-20-5 (Bolyai+ Fels\u0151oktat\u00e1si Fiatal Oktat\u00f3i, Kutat\u00f3i \u00d6szt\u00f6nd\u00edj p\u00e1ly\u00e1zat), Innov\u00e1ci\u00f3s \u00e9s Technol\u00f3giai Miniszt\u00e9rium (Nemzeti Kutat\u00e1si, Fejleszt\u00e9si \u00e9s Innov\u00e1ci\u00f3s Alap) (ELTE\/14325\/71 (2019); ELTE\/8579\/71 (2020))<br><strong>2019\u20132020<\/strong>: \u00daj Nemzeti Kiv\u00e1l\u00f3s\u00e1g Program \u00daNKP-19-4 (Bolyai+ Fels\u0151oktat\u00e1si Fiatal Oktat\u00f3i, Kutat\u00f3i \u00d6szt\u00f6nd\u00edj p\u00e1ly\u00e1zat), Innov\u00e1ci\u00f3s \u00e9s Technol\u00f3giai Miniszt\u00e9rium (ELTE\/12534\/1(2020))<br><strong>2019\u20132021<\/strong>: Bolyai J\u00e1nos Kutat\u00f3i \u00d6szt\u00f6nd\u00edj, Magyar Tudom\u00e1nyos Akad\u00e9mia (BO\/00320\/19\/1)<br><strong>2018<\/strong>: Nemzet Fiatal Tehets\u00e9gei\u00e9rt \u00d6szt\u00f6nd\u00edj, Nemzeti Tehets\u00e9g Program (NTP-NFT\u00d6-18), Emberi Er\u0151forr\u00e1sok Miniszt\u00e9riuma<br><strong>2018<\/strong>: Hermann J\u00f3zsef Fiatal Kutat\u00f3i D\u00edj, MTA Nyelvtudom\u00e1nyi Int\u00e9zet<br><strong>2018<\/strong>: Akad\u00e9miai Ifj\u00fas\u00e1gi D\u00edj, Magyar Tudom\u00e1nyos Akad\u00e9mia<br>2015: \u201eFiatal kutat\u00f3k f\u00e9lid\u0151ben\u201d konferencia, I. d\u00edj, Magyar Tudom\u00e1nyos Akad\u00e9mia<br><strong>2014<\/strong>: Ifj\u00fas\u00e1gi Nemzetk\u00f6zi Konferencia P\u00e1ly\u00e1zat t\u00e1mogat\u00e1sa, Magyar Tudom\u00e1nyos Akad\u00e9mia<br><strong>2013<\/strong>: \u00d6szt\u00f6nd\u00edj tanulm\u00e1ny\u00fat megval\u00f3s\u00edt\u00e1s\u00e1ra Stockholmba, Nemzeti Kiv\u00e1l\u00f3s\u00e1g Program \u2013 Campus Hungary program, Balassi Int\u00e9zet<br><strong>2010\u20132013<\/strong>: PhD \u00f6szt\u00f6nd\u00edj, Magyar \u00c1llami \u00f6szt\u00f6nd\u00edj<br><strong>2011, 2012<\/strong>: Tudom\u00e1nyszervez\u00e9si \u00e9s Kutat\u00e1si P\u00e1ly\u00e1zat, ELTE B\u00f6lcs\u00e9szettudom\u00e1nyi Kar, 3 alkalommal<\/p>\n\n\n\n<p><strong>Tov\u00e1bbi tudom\u00e1nyos tev\u00e9kenys\u00e9gek<br>2013<\/strong>: Department of Speech, Music and Hearing, School of Computer Science and Communication, KTH Royal Institute of Technology, Stockholm, Sweden, \u00d6szt\u00f6nd\u00edjas, tanulm\u00e1ny\u00fat<br><strong>2012<\/strong>: Department of Speech, Music and Hearing, School of Computer Science and Communication, KTH Royal Institute of Technology, Stockholm, Sweden, Tanulm\u00e1ny\u00fat<br><strong>2012 (j\u00fal. 28.\u2013aug. 3.<\/strong>): Department of Speech, Music and Hearing, School of Computer Science and Communication, KTH Royal Institute of Technology, Stockholm\u2013Malmk\u00f6ping, Sweden, Function of the singing voice, KTH-course DT 211 V kurzus (ny\u00e1ri egyetem)<br><strong>2009\u20132010<\/strong>: E\u00f6tv\u00f6s Lor\u00e1nd Tudom\u00e1nyegyetem, B\u00f6lcs\u00e9szettudom\u00e1nyi Kar, Budapest<br>Fonetikai \u00e9s Pszicholingvisztikai Di\u00e1km\u0171hely (tag)<br><strong>2006\u20132009<\/strong>: E\u00f6tv\u00f6s Lor\u00e1nd Tudom\u00e1nyegyetem, B\u00f6lcs\u00e9szettudom\u00e1nyi Kar, Budapest<br>K\u00eds\u00e9rleti \u00e9s Alkalmazott Fonetika \u00d6n\u00e1ll\u00f3 Program (Programbizony\u00edtv\u00e1ny d\u00e1tuma: 2012. m\u00e1rcius 7.)<\/p>\n\n\n\n<p><strong>R\u00e9szv\u00e9tel kutat\u00f3csoportokban, projektekben, nemzetk\u00f6zi egy\u00fcttm\u0171k\u00f6d\u00e9sekben<br>2023\u20132024<\/strong>: \u201ePhonetic aspects of fast speech in Hungarian and German \/ A gyors besz\u00e9d n\u00e9h\u00e1ny fonetikai jellemz\u0151je a magyarban \u00e9s a n\u00e9metben\u201d ELTE \u2013 Univerist\u00e4t zu K\u00f6ln, N\u00e9metorsz\u00e1g, TKA\u2013DAAD kutat\u00f3csere-program (vezet\u0151 kutat\u00f3k: Deme Andrea, ELTE \u00e9s Reinhold Greisbach, Universit\u00e4t zu K\u00f6ln), vezet\u0151 kutat\u00f3<br><strong>2020\u20132021<\/strong>: \u201eA cross-linguistic articulatory and acoustic analysis of the effect of vowel space density on the variability of vowels \/ A mag\u00e1nhangz\u00f3 -k\u00e9szlet s\u0171r\u0171s\u00e9g\u00e9nek hat\u00e1sa a mag\u00e1nhangz\u00f3k variabilit\u00e1s\u00e1ra: \u00f6sszevet\u0151 artikul\u00e1ci\u00f3s \u00e9s az akusztikai elemz\u00e9sek\u201d ELTE \u2013 Univerist\u00e4t zu K\u00f6ln, N\u00e9metorsz\u00e1g, TKA\u2013DAAD kutat\u00f3csere-program (Vezet\u0151 kutat\u00f3: Deme Andrea, ELTE &#038; Reinhold Greisbach, Universit\u00e4t zu K\u00f6ln), vezet\u0151 kutat\u00f3<br><strong>2024-t\u0151l<\/strong>: MTA\u2013HUN-REN NYTK Lend\u00fclet Neurofonetikai Kutat\u00f3csoport (Vezet\u0151 kutat\u00f3: Gr\u00e1czi Tekla Etelka, HUN-REN Nyelvtudom\u00e1nyi Kutat\u00f3k\u00f6zpont), kutat\u00f3<br><strong>2024\u2013t\u0151l<\/strong>: Digit\u00e1lis Oktat\u00e1sfejleszt\u00e9si Kompetencia K\u00f6zpont (DOKK), 2022-1.1.1-KK-2022-00003 sz. \u201eNyelvhaszn\u00e1lat a fels\u0151oktat\u00e1sban\u201d c. projekt, (Nemzeti Kutat\u00e1si, Fejleszt\u00e9si \u00e9s Innov\u00e1ci\u00f3s Alap) (Erny\u0151projekt-vezet\u0151: Gonda Zsuzsa, ELTE), kutat\u00f3<br><strong>2022\u20132024<\/strong>: \u201eFonetikai param\u00e9terek besz\u00e9l\u0151k k\u00f6z\u00f6tti \u00e9s besz\u00e9l\u0151n bel\u00fcli variabilit\u00e1sa a magyar besz\u00e9dben\u201d NKFI 128814 (Vezet\u0151 kutat\u00f3: Gr\u00e1czi Tekla Etelka, HUN-REN Nyelvtudom\u00e1nyi Kutat\u00f3k\u00f6zpont), kutat\u00f3<br><strong>2020\u20132021<\/strong>: T\u00e9mater\u00fcleti kiv\u00e1l\u00f3s\u00e1gi p\u00e1ly\u00e1zat; K\u00f6z\u00f6ss\u00e9g\u00e9p\u00edt\u00e9s: csal\u00e1d \u00e9s nemzet, hagyom\u00e1ny \u00e9s innov\u00e1ci\u00f3 (ELTE TKP2020-IKA-06), kutat\u00f3<br><strong>2019\u20132020<\/strong>: T\u00e9mater\u00fcleti kiv\u00e1l\u00f3s\u00e1gi p\u00e1ly\u00e1zat; K\u00f6z\u00f6ss\u00e9g\u00e9p\u00edt\u00e9s: csal\u00e1d \u00e9s nemzet, hagyom\u00e1ny \u00e9s innov\u00e1ci\u00f3 (ED_18-1-2019-0030), kutat\u00f3<br><strong>2018\u20132021<\/strong>: \u201eSzoci\u00e1lis, kognit\u00edv \u00e9s genetikai t\u00e9nyez\u0151k szerepe a nyelvi fejl\u0151d\u00e9sben\u201d NKFI 124477 (Vezet\u0151 kutat\u00f3: Kas Bence, MTA Nyelvtudom\u00e1nyi Int\u00e9zet), kutat\u00f3<br><strong>2017\u20132022<\/strong>: MTA-ELTE Lend\u00fclet Neuroetol\u00f3giai Kutat\u00f3csoport: \u201e\u00d6sszehasonl\u00edt\u00f3 agyi k\u00e9palkot\u00e1s eml\u0151s\u00f6kben\u201d (Vezet\u0151 kutat\u00f3: Andics Attila, ELTE TTK Etol\u00f3gia tansz\u00e9k), kutat\u00f3<br><strong>2016\u20132021<\/strong>: MTA-ELTE Lend\u00fclet Lingv\u00e1lis Artikul\u00e1ci\u00f3 Kutat\u00f3csoport. LP2016-7\/2016 (vezet\u0151 kutat\u00f3: Mark\u00f3 Alexandra, ELTE Alkalmazott Nyelv\u00e9szeti \u00e9s Fonetikai Tansz\u00e9k), kutat\u00f3<br><strong>2016\u20132019<\/strong>:\u201eA korai nyelvfejl\u0151d\u00e9s neuro-kognit\u00edv el\u0151rejelz\u0151i\u201d OTKA 115385 (vezet\u0151 kutat\u00f3: Winkler Istv\u00e1n, MTA Term\u00e9szettudom\u00e1nyi Kutat\u00f3k\u00f6zpont), kutat\u00f3<br><strong>2014\u20132016<\/strong>: \u201eA proz\u00f3diai szerkezet form\u00e1ja \u00e9s funkci\u00f3ja a magyarban \u00e9s a n\u00e9metben\u201d MTA Nyelvtudom\u00e1nyi Int\u00e9zet \u2013 Ludwig-Maximilians-Universit\u00e4t M\u00fcnchen, N\u00e9metorsz\u00e1g, TKA\u2013DAAD kutat\u00f3csere-program, kutat\u00f3<br><strong>2014\u20132016<\/strong>: \u201eA magyar \u00e9s n\u00e9met mag\u00e1nhangz\u00f3k artikul\u00e1ci\u00f3j\u00e1nak \u00e9s akusztikai szerkezet\u00e9nek vizsg\u00e1lata magas alapfrekvenci\u00e1j\u00fa szopr\u00e1n\u00e9nekl\u00e9sben elektrom\u00e1gneses artikulogr\u00e1ffal, ultrahanggal \u00e9s az akusztikai jel inverz filterez\u00e9s\u00e9vel\u201d ELTE \u2013 Univerist\u00e4t zu K\u00f6ln, N\u00e9metorsz\u00e1g, TKA\u2013DAAD kutat\u00f3csere-program, kutat\u00f3<br><strong>2013<\/strong>: Kutat\u00f3csere program az MTA \u00e9s a Chinese Academy of Social Sciences (Peking, K\u00edna), valamint az MTA Nyelvtudom\u00e1nyi Int\u00e9zete \u00e9s az Institute of Linguistics, Chinese Academy of Social Sciences (Peking, K\u00edna) k\u00f6z\u00f6tt, kutat\u00f3<br><strong>2013\u20132014<\/strong>: \u201eThe prosody of focus, topic and givenness in Hungarian\u201d MTA \u2013 Institut f\u00fcr Linguistik, Universit\u00e4t Potsdam, N\u00e9metorsz\u00e1g, M\u00d6B\u2013DAAD kutat\u00f3csere-program, kutat\u00f3<br><strong>2012\u20132013<\/strong>: MTA NYTI Lend\u00fclet Kvantorhat\u00f3k\u00f6r Kutat\u00f3csoport (Vezet\u0151 kutat\u00f3: Sur\u00e1nyi Bal\u00e1zs, MTA Nyelvtudom\u00e1nyi Int\u00e9zet), kutat\u00f3<\/p>\n","protected":false},"excerpt":{"rendered":"<p>deme.andrea[@]btk.elte.hudemeandrea.web.elte.hu Publik\u00e1ci\u00f3kMTMT: 10024606 Kutat\u00e1si ter\u00fcleteka besz\u00e9dhangok v\u00e1ltozatoss\u00e1ga k\u00fcl\u00f6n\u00f6sen mag\u00e1nhangz\u00f3kban, koartikul\u00e1ci\u00f3, k\u00fcl\u00f6nleges produkci\u00f3s m\u00f3dok, gyors besz\u00e9d, redukci\u00f3s folyamatok P\u00e1ly\u00e1zati tev\u00e9kenys\u00e9g, \u00f6szt\u00f6nd\u00edjak, elismer\u00e9sek2024: Oktat\u00f3i Tudom\u00e1nyos Di\u00e1kk\u00f6ri D\u00edj, E\u00f6tv\u00f6s Lor\u00e1nd Tudom\u00e1nyegyetem2024: Ifj\u00fas\u00e1gi Nemzetk\u00f6zi Konferencia P\u00e1ly\u00e1zat t\u00e1mogat\u00e1sa, Magyar Tudom\u00e1nyos Akad\u00e9mia2024: Kari Tudom\u00e1nyos P\u00e1ly\u00e1zat, E\u00f6tv\u00f6s Lor\u00e1nd Tudom\u00e1nyegyetem2023: Bolyai Eml\u00e9klap, Magyar Tudom\u00e1nyos Akad\u00e9mia2022: Kari Publik\u00e1ci\u00f3s Kiv\u00e1l\u00f3s\u00e1gi D\u00edj, E\u00f6tv\u00f6s Lor\u00e1nd Tudom\u00e1nyegyetem2022: Kari [&hellip;]<\/p>\n","protected":false},"author":2,"featured_media":0,"parent":40,"menu_order":11,"comment_status":"closed","ping_status":"closed","template":"","meta":{"footnotes":""},"class_list":["post-178","page","type-page","status-publish","hentry"],"_links":{"self":[{"href":"https:\/\/neurofon.nytud.hun-ren.hu\/en\/wp-json\/wp\/v2\/pages\/178","targetHints":{"allow":["GET"]}}],"collection":[{"href":"https:\/\/neurofon.nytud.hun-ren.hu\/en\/wp-json\/wp\/v2\/pages"}],"about":[{"href":"https:\/\/neurofon.nytud.hun-ren.hu\/en\/wp-json\/wp\/v2\/types\/page"}],"author":[{"embeddable":true,"href":"https:\/\/neurofon.nytud.hun-ren.hu\/en\/wp-json\/wp\/v2\/users\/2"}],"replies":[{"embeddable":true,"href":"https:\/\/neurofon.nytud.hun-ren.hu\/en\/wp-json\/wp\/v2\/comments?post=178"}],"version-history":[{"count":8,"href":"https:\/\/neurofon.nytud.hun-ren.hu\/en\/wp-json\/wp\/v2\/pages\/178\/revisions"}],"predecessor-version":[{"id":322,"href":"https:\/\/neurofon.nytud.hun-ren.hu\/en\/wp-json\/wp\/v2\/pages\/178\/revisions\/322"}],"up":[{"embeddable":true,"href":"https:\/\/neurofon.nytud.hun-ren.hu\/en\/wp-json\/wp\/v2\/pages\/40"}],"wp:attachment":[{"href":"https:\/\/neurofon.nytud.hun-ren.hu\/en\/wp-json\/wp\/v2\/media?parent=178"}],"curies":[{"name":"wp","href":"https:\/\/api.w.org\/{rel}","templated":true}]}}