{"id":188,"date":"2024-11-29T12:29:39","date_gmt":"2024-11-29T11:29:39","guid":{"rendered":"https:\/\/neurofon.nytud.hun-ren.hu\/?page_id=188"},"modified":"2025-11-10T11:04:35","modified_gmt":"2025-11-10T10:04:35","slug":"jankovics-julianna","status":"publish","type":"page","link":"https:\/\/neurofon.nytud.hun-ren.hu\/en\/a-kutatocsoportrol\/a-kutatocsoport_tagjai\/jankovics-julianna\/","title":{"rendered":"Jankovics Julianna"},"content":{"rendered":"\n<figure class=\"wp-block-image alignleft size-full is-resized\"><img loading=\"lazy\" decoding=\"async\" width=\"869\" height=\"850\" src=\"https:\/\/neurofon.nytud.hun-ren.hu\/wp-content\/uploads\/2024\/12\/JJ.jpg\" alt=\"\" class=\"wp-image-301\" style=\"width:280px\" srcset=\"https:\/\/neurofon.nytud.hun-ren.hu\/wp-content\/uploads\/2024\/12\/JJ.jpg 869w, https:\/\/neurofon.nytud.hun-ren.hu\/wp-content\/uploads\/2024\/12\/JJ-300x293.jpg 300w, https:\/\/neurofon.nytud.hun-ren.hu\/wp-content\/uploads\/2024\/12\/JJ-768x751.jpg 768w\" sizes=\"auto, (max-width: 869px) 100vw, 869px\" \/><\/figure>\n\n\n\n<p><strong>jankovics.julianna[@]btk.elte.hu<br><\/strong>fejleszt\u0151pedag\u00f3gus, BG\u00e9SZC \u00d6veges J\u00f3zsef Technikum \u00e9s Szakk\u00e9pz\u0151 Iskola<br>megb\u00edzott oktat\u00f3, ELTE BTK Besz\u00e9dtr\u00e9ner \u00e9s besz\u00e9dtan\u00e1csad\u00f3 szakir\u00e1ny\u00fa k\u00e9pz\u00e9s<\/p>\n\n\n\n<p><strong>Publik\u00e1ci\u00f3k<\/strong><br><a href=\"https:\/\/m2.mtmt.hu\/gui2\/?type=authors&#038;mode=browse&#038;sel=10055882&#038;view=simpleList\">MTMT: 10055882<\/a><\/p>\n\n\n\n<p><strong>Kutat\u00e1si ter\u00fcletek<br><\/strong>a besz\u00e9d szegment\u00e1lis \u00e9s szupraszegment\u00e1lis szerkezete, megakad\u00e1sjelens\u00e9gek, \u00e9rtelmi fogyat\u00e9kos szem\u00e9lyek besz\u00e9d\u00e9nek akusztikai vet\u00fcletei<\/p>\n\n\n\n<p><strong>P\u00e1ly\u00e1zati tev\u00e9kenys\u00e9g, kutat\u00e1si p\u00e1ly\u00e1zatok<br>2024-t\u0151l<\/strong>: MTA\u2013HUN-REN NYTK Lend\u00fclet Neurofonetikai Kutat\u00f3csoport (vezet\u0151 kutat\u00f3: Gr\u00e1czi Tekla Etelka), kutat\u00f3<br><strong>2014\u20132016<\/strong>: \u201eA magyar \u00e9s n\u00e9met mag\u00e1nhangz\u00f3k artikul\u00e1ci\u00f3j\u00e1nak \u00e9s akusztikai szerkezet\u00e9nek vizsg\u00e1lata magas alapfrekvenci\u00e1j\u00fa szopr\u00e1n\u00e9nekl\u00e9sben elektrom\u00e1gneses artikulogr\u00e1ffal, ultrahanggal \u00e9s az akusztikai jel inverz filterez\u00e9s\u00e9vel\u201d (ELTE \u2013 Univerist\u00e4t zu K\u00f6ln, N\u00e9metorsz\u00e1g, TKA\u2013DAAD kutat\u00f3csere-program), kutat\u00f3<\/p>\n\n\n\n<p><strong>\u00d6szt\u00f6nd\u00edjak, d\u00edjak, elismer\u00e9sek<br>2022<\/strong>: 35 \u00e9v alatti el\u0151ad\u00f3 legjobb szakmai el\u0151ad\u00e1s\u00e1nak d\u00edja, A Magyar Fonetikai, Foni\u00e1triai \u00e9s Logop\u00e9diai T\u00e1rsas\u00e1g 2022. \u00e9vi kongresszusa<br><strong>2020<\/strong>: ELTE BTK tudom\u00e1nyos \u00f6szt\u00f6nd\u00edj<\/p>\n","protected":false},"excerpt":{"rendered":"<p>jankovics.julianna[@]btk.elte.hufejleszt\u0151pedag\u00f3gus, BG\u00e9SZC \u00d6veges J\u00f3zsef Technikum \u00e9s Szakk\u00e9pz\u0151 Iskolamegb\u00edzott oktat\u00f3, ELTE BTK Besz\u00e9dtr\u00e9ner \u00e9s besz\u00e9dtan\u00e1csad\u00f3 szakir\u00e1ny\u00fa k\u00e9pz\u00e9s Publik\u00e1ci\u00f3kMTMT: 10055882 Kutat\u00e1si ter\u00fcleteka besz\u00e9d szegment\u00e1lis \u00e9s szupraszegment\u00e1lis szerkezete, megakad\u00e1sjelens\u00e9gek, \u00e9rtelmi fogyat\u00e9kos szem\u00e9lyek besz\u00e9d\u00e9nek akusztikai vet\u00fcletei P\u00e1ly\u00e1zati tev\u00e9kenys\u00e9g, kutat\u00e1si p\u00e1ly\u00e1zatok2024-t\u0151l: MTA\u2013HUN-REN NYTK Lend\u00fclet Neurofonetikai Kutat\u00f3csoport (vezet\u0151 kutat\u00f3: Gr\u00e1czi Tekla Etelka), kutat\u00f32014\u20132016: \u201eA magyar \u00e9s n\u00e9met mag\u00e1nhangz\u00f3k artikul\u00e1ci\u00f3j\u00e1nak \u00e9s akusztikai [&hellip;]<\/p>\n","protected":false},"author":2,"featured_media":0,"parent":40,"menu_order":13,"comment_status":"closed","ping_status":"closed","template":"","meta":{"footnotes":""},"class_list":["post-188","page","type-page","status-publish","hentry"],"_links":{"self":[{"href":"https:\/\/neurofon.nytud.hun-ren.hu\/en\/wp-json\/wp\/v2\/pages\/188","targetHints":{"allow":["GET"]}}],"collection":[{"href":"https:\/\/neurofon.nytud.hun-ren.hu\/en\/wp-json\/wp\/v2\/pages"}],"about":[{"href":"https:\/\/neurofon.nytud.hun-ren.hu\/en\/wp-json\/wp\/v2\/types\/page"}],"author":[{"embeddable":true,"href":"https:\/\/neurofon.nytud.hun-ren.hu\/en\/wp-json\/wp\/v2\/users\/2"}],"replies":[{"embeddable":true,"href":"https:\/\/neurofon.nytud.hun-ren.hu\/en\/wp-json\/wp\/v2\/comments?post=188"}],"version-history":[{"count":4,"href":"https:\/\/neurofon.nytud.hun-ren.hu\/en\/wp-json\/wp\/v2\/pages\/188\/revisions"}],"predecessor-version":[{"id":468,"href":"https:\/\/neurofon.nytud.hun-ren.hu\/en\/wp-json\/wp\/v2\/pages\/188\/revisions\/468"}],"up":[{"embeddable":true,"href":"https:\/\/neurofon.nytud.hun-ren.hu\/en\/wp-json\/wp\/v2\/pages\/40"}],"wp:attachment":[{"href":"https:\/\/neurofon.nytud.hun-ren.hu\/en\/wp-json\/wp\/v2\/media?parent=188"}],"curies":[{"name":"wp","href":"https:\/\/api.w.org\/{rel}","templated":true}]}}