{"id":194,"date":"2024-11-29T12:35:52","date_gmt":"2024-11-29T11:35:52","guid":{"rendered":"https:\/\/neurofon.nytud.hun-ren.hu\/?page_id=194"},"modified":"2024-12-19T13:16:47","modified_gmt":"2024-12-19T12:16:47","slug":"marko-alexandra","status":"publish","type":"page","link":"https:\/\/neurofon.nytud.hun-ren.hu\/en\/a-kutatocsoportrol\/a-kutatocsoport_tagjai\/marko-alexandra\/","title":{"rendered":"Mark\u00f3 Alexandra"},"content":{"rendered":"\n<p><strong>marko.alexandra.phd[@]gmail.com<\/strong><\/p>\n\n\n\n<p><strong>Publik\u00e1ci\u00f3k<\/strong><br><a href=\"https:\/\/bit.ly\/4iINCkI\">MTMT<\/a><br><a href=\"https:\/\/orcid.org\/0000-0003-0301-7134\">ORCID<\/a><\/p>\n\n\n\n<p><strong>Kutat\u00e1si ter\u00fcletek<br><\/strong>spont\u00e1n besz\u00e9d, proz\u00f3dia, z\u00f6ngek\u00e9pz\u00e9s, z\u00f6ng\u00e9ss\u00e9gi hasonul\u00e1s, artikul\u00e1ci\u00f3, koartikul\u00e1ci\u00f3, diskurzusjel\u00f6l\u0151k<\/p>\n\n\n\n<p><strong>P\u00e1ly\u00e1zati tev\u00e9kenys\u00e9g, kutat\u00e1si p\u00e1ly\u00e1zatok<br>2024-t\u0151l<\/strong>: MTA\u2013HUN-REN NYTK Lend\u00fclet Neurofonetikai Kutat\u00f3csoport (t\u00e9mavezet\u0151: Gr\u00e1czi Tekla Etelka, HUN-REN Nyelvtudom\u00e1nyi Kutat\u00f3k\u00f6zpont), egy\u00fcttm\u0171k\u00f6d\u0151 kutat\u00f3<br><strong>2020\u20132021<\/strong>: \u201eA cross-linguistic articulatory and acoustic analysis of the effect of vowel space density on the variability of vowels \/ A mag\u00e1nhangz\u00f3k\u00e9szlet s\u0171r\u0171s\u00e9g\u00e9nek hat\u00e1sa a mag\u00e1nhangz\u00f3k variabilit\u00e1s\u00e1ra: \u00f6sszevet\u0151 artikul\u00e1ci\u00f3s \u00e9s az akusztikai elemz\u00e9sek\u201d ELTE \u2013 Univerist\u00e4t zu K\u00f6ln, N\u00e9metorsz\u00e1g, TKA\u2013DAAD kutat\u00f3csere-program (t\u00e9mavezet\u0151: Deme Andrea, ELTE \u00e9s Reinhold Greisbach, Universit\u00e4t zu K\u00f6ln), szenior kutat\u00f3<br><strong>2022\u20132024<\/strong>: \u201eFonetikai param\u00e9terek besz\u00e9l\u0151k k\u00f6z\u00f6tti \u00e9s besz\u00e9l\u0151n bel\u00fcli variabilit\u00e1sa a magyar besz\u00e9dben\u201d NKFI 128814 (t\u00e9mavezet\u0151: Gr\u00e1czi Tekla Etelka), szenior kutat\u00f3<br><strong>2020\u20132021<\/strong>: T\u00e9mater\u00fcleti kiv\u00e1l\u00f3s\u00e1gi p\u00e1ly\u00e1zat; K\u00f6z\u00f6ss\u00e9g\u00e9p\u00edt\u00e9s: csal\u00e1d \u00e9s nemzet, hagyom\u00e1ny \u00e9s innov\u00e1ci\u00f3 (ELTE TKP2020-IKA-06), kutat\u00f3<br><strong>2019\u20132020<\/strong>: T\u00e9mater\u00fcleti kiv\u00e1l\u00f3s\u00e1gi p\u00e1ly\u00e1zat; K\u00f6z\u00f6ss\u00e9g\u00e9p\u00edt\u00e9s: csal\u00e1d \u00e9s nemzet, hagyom\u00e1ny \u00e9s innov\u00e1ci\u00f3 (ED_18-1-2019-0030), kutat\u00f3<br><strong>2017\u20132022<\/strong>: \u201cArtikul\u00e1ci\u00f3smozg\u00e1s-alap\u00fa besz\u00e9dgener\u00e1l\u00e1s\u201d FK-124584 (t\u00e9mavezet\u0151: Csap\u00f3 Tam\u00e1s G\u00e1bor), szenior kutat\u00f3<br><strong>2016\u20132021<\/strong>: MTA\u2013ELTE Lend\u00fclet Lingv\u00e1lis Artikul\u00e1ci\u00f3 Kutat\u00f3csoport. LP2016-7\/2016, t\u00e9mavezet\u0151<br><strong>2015\u20132016<\/strong>: \u201cArticulatory and acoustic analysis of high-pitched sung vowels in Hungarian and German by means of electromagnetic articulography, ultrasound and inverse filtering of the acoustic signal \/ Magas alaphang\u00fa szopr\u00e1n \u00e9nekelt mag\u00e1nhangz\u00f3k artikul\u00e1ci\u00f3s \u00e9s akusztikai vizsg\u00e1lata elektrom\u00e1gneses artikulogr\u00e1ffal, ultrahanggal \u00e9s az akusztikai jel inverz filterez\u00e9s\u00e9vel magyarban \u00e9s n\u00e9metben\u201d. ELTE \u2013 Univerist\u00e4t zu K\u00f6ln, N\u00e9metorsz\u00e1g, TKA\u2013DAAD kutat\u00f3csere-program, (t\u00e9mavezet\u0151: Mark\u00f3 Alexandra, ELTE \u00e9s Reinhold Greisbach, Universit\u00e4t zu K\u00f6ln), t\u00e9mavezet\u0151<br><strong>2009\u20132013<\/strong>: \u201cA spont\u00e1n besz\u00e9d szupraszegment\u00e1lis szerkezete\u201d, Bolyai J\u00e1nos Kutat\u00e1si \u00d6szt\u00f6nd\u00edj, MTA<br><strong>2004\u20132008<\/strong>: \u201cA spont\u00e1n besz\u00e9d fonetikai szerkezet\u00e9nek vizsg\u00e1lata\u201d OTKA-p\u00e1ly\u00e1zat (t\u00e9mavezet\u0151: Bal\u00e1zsn\u00e9 Fodor Katalin), kutat\u00f3<\/p>\n","protected":false},"excerpt":{"rendered":"<p>marko.alexandra.phd[@]gmail.com Publik\u00e1ci\u00f3kMTMTORCID Kutat\u00e1si ter\u00fcletekspont\u00e1n besz\u00e9d, proz\u00f3dia, z\u00f6ngek\u00e9pz\u00e9s, z\u00f6ng\u00e9ss\u00e9gi hasonul\u00e1s, artikul\u00e1ci\u00f3, koartikul\u00e1ci\u00f3, diskurzusjel\u00f6l\u0151k P\u00e1ly\u00e1zati tev\u00e9kenys\u00e9g, kutat\u00e1si p\u00e1ly\u00e1zatok2024-t\u0151l: MTA\u2013HUN-REN NYTK Lend\u00fclet Neurofonetikai Kutat\u00f3csoport (t\u00e9mavezet\u0151: Gr\u00e1czi Tekla Etelka, HUN-REN Nyelvtudom\u00e1nyi Kutat\u00f3k\u00f6zpont), egy\u00fcttm\u0171k\u00f6d\u0151 kutat\u00f32020\u20132021: \u201eA cross-linguistic articulatory and acoustic analysis of the effect of vowel space density on the variability of vowels \/ A mag\u00e1nhangz\u00f3k\u00e9szlet s\u0171r\u0171s\u00e9g\u00e9nek hat\u00e1sa a mag\u00e1nhangz\u00f3k [&hellip;]<\/p>\n","protected":false},"author":2,"featured_media":0,"parent":40,"menu_order":15,"comment_status":"closed","ping_status":"closed","template":"","meta":{"footnotes":""},"class_list":["post-194","page","type-page","status-publish","hentry"],"_links":{"self":[{"href":"https:\/\/neurofon.nytud.hun-ren.hu\/en\/wp-json\/wp\/v2\/pages\/194","targetHints":{"allow":["GET"]}}],"collection":[{"href":"https:\/\/neurofon.nytud.hun-ren.hu\/en\/wp-json\/wp\/v2\/pages"}],"about":[{"href":"https:\/\/neurofon.nytud.hun-ren.hu\/en\/wp-json\/wp\/v2\/types\/page"}],"author":[{"embeddable":true,"href":"https:\/\/neurofon.nytud.hun-ren.hu\/en\/wp-json\/wp\/v2\/users\/2"}],"replies":[{"embeddable":true,"href":"https:\/\/neurofon.nytud.hun-ren.hu\/en\/wp-json\/wp\/v2\/comments?post=194"}],"version-history":[{"count":3,"href":"https:\/\/neurofon.nytud.hun-ren.hu\/en\/wp-json\/wp\/v2\/pages\/194\/revisions"}],"predecessor-version":[{"id":285,"href":"https:\/\/neurofon.nytud.hun-ren.hu\/en\/wp-json\/wp\/v2\/pages\/194\/revisions\/285"}],"up":[{"embeddable":true,"href":"https:\/\/neurofon.nytud.hun-ren.hu\/en\/wp-json\/wp\/v2\/pages\/40"}],"wp:attachment":[{"href":"https:\/\/neurofon.nytud.hun-ren.hu\/en\/wp-json\/wp\/v2\/media?parent=194"}],"curies":[{"name":"wp","href":"https:\/\/api.w.org\/{rel}","templated":true}]}}