{"id":25,"date":"2024-10-27T06:32:07","date_gmt":"2024-10-27T05:32:07","guid":{"rendered":"https:\/\/neurofon.nytud.hun-ren.hu\/?page_id=25"},"modified":"2024-10-27T06:32:07","modified_gmt":"2024-10-27T05:32:07","slug":"kapcsolat","status":"publish","type":"page","link":"https:\/\/neurofon.nytud.hun-ren.hu\/en\/kapcsolat\/","title":{"rendered":"Kapcsolat"},"content":{"rendered":"\n<p>\u00cdm\u00e9l<\/p>\n\n\n\n<ul class=\"wp-block-list\">\n<li>Gr\u00e1czi Tekla Etelka: graczi.tekla.etelka[@]nytud.hun-ren.hu<\/li>\n\n\n\n<li>Deme Andrea: deme.andrea[@]btk.elte.hu<\/li>\n\n\n\n<li>Hoffmann Ildik\u00f3: hoffmann.ildiko[@]nytud.hun-ren.hu<\/li>\n\n\n\n<li>Jankovics Julianna: jankovicsjuli[@]gmail.com<\/li>\n\n\n\n<li>Juh\u00e1sz Korn\u00e9lia: juhasz.kornelia[@]nytud.hun-ren.hu<\/li>\n\n\n\n<li>Mark\u00f3 Alexandra: marko.alexandra.phd[@]gmail.com<\/li>\n\n\n\n<li>Pirsel Katalin: pirsel.katalin[@]nytud.hun-ren.hu<\/li>\n\n\n\n<li>Svindt Veronika: svindt.veronika[@]nytud.hun-ren.hu<\/li>\n\n\n\n<li>Sz\u00e1nth\u00f3 Zsuzsa: szantho.zsuzsanna[@]nytud.hun-ren.hu<\/li>\n<\/ul>\n\n\n\n<p>Telefon: +36 (1) 342 9372<\/p>\n\n\n\n<p>Postac\u00edm: <a href=\"https:\/\/goo.gl\/maps\/WMbpu5XKagmwPWW19\" target=\"_blank\" rel=\"noreferrer noopener\">1068 Budapest, Bencz\u00far u. 33.<\/a><\/p>\n","protected":false},"excerpt":{"rendered":"<p>\u00cdm\u00e9l Telefon: +36 (1) 342 9372 Postac\u00edm: 1068 Budapest, Bencz\u00far u. 33.<\/p>\n","protected":false},"author":2,"featured_media":0,"parent":0,"menu_order":6,"comment_status":"closed","ping_status":"closed","template":"","meta":{"footnotes":""},"class_list":["post-25","page","type-page","status-publish","hentry"],"_links":{"self":[{"href":"https:\/\/neurofon.nytud.hun-ren.hu\/en\/wp-json\/wp\/v2\/pages\/25","targetHints":{"allow":["GET"]}}],"collection":[{"href":"https:\/\/neurofon.nytud.hun-ren.hu\/en\/wp-json\/wp\/v2\/pages"}],"about":[{"href":"https:\/\/neurofon.nytud.hun-ren.hu\/en\/wp-json\/wp\/v2\/types\/page"}],"author":[{"embeddable":true,"href":"https:\/\/neurofon.nytud.hun-ren.hu\/en\/wp-json\/wp\/v2\/users\/2"}],"replies":[{"embeddable":true,"href":"https:\/\/neurofon.nytud.hun-ren.hu\/en\/wp-json\/wp\/v2\/comments?post=25"}],"version-history":[{"count":3,"href":"https:\/\/neurofon.nytud.hun-ren.hu\/en\/wp-json\/wp\/v2\/pages\/25\/revisions"}],"predecessor-version":[{"id":82,"href":"https:\/\/neurofon.nytud.hun-ren.hu\/en\/wp-json\/wp\/v2\/pages\/25\/revisions\/82"}],"wp:attachment":[{"href":"https:\/\/neurofon.nytud.hun-ren.hu\/en\/wp-json\/wp\/v2\/media?parent=25"}],"curies":[{"name":"wp","href":"https:\/\/api.w.org\/{rel}","templated":true}]}}