{"id":27,"date":"2024-10-18T11:24:28","date_gmt":"2024-10-18T09:24:28","guid":{"rendered":"https:\/\/neurofon.nytud.hun-ren.hu\/?page_id=27"},"modified":"2024-10-18T11:24:28","modified_gmt":"2024-10-18T09:24:28","slug":"linkajanlo","status":"publish","type":"page","link":"https:\/\/neurofon.nytud.hun-ren.hu\/en\/linkajanlo\/","title":{"rendered":"Linkaj\u00e1nl\u00f3"},"content":{"rendered":"\n<p>MTA: <a href=\"http:\/\/mta.hu\/\">http:\/\/mta.hu\/<\/a><\/p>\n\n\n\n<p>HUN-REN Nyelvtudom\u00e1nyi Kutat\u00f3k\u00f6zpont: <a href=\"https:\/\/nytud.hu\/\">https:\/\/nytud.hu\/<\/a><\/p>\n\n\n\n<p>HUN-REN Nyelvtudom\u00e1nyi Kutat\u00f3k\u00f6zpont \u00c1ltal\u00e1nos \u00e9s Magyar Nyelv\u00e9szeti Int\u00e9zet: <a href=\"https:\/\/nytud.hu\/kutatas\/intezet\/altalanos-es-magyar-nyelveszeti-intezet\">https:\/\/nytud.hu\/kutatas\/intezet\/altalanos-es-magyar-nyelveszeti-intezet<\/a><\/p>\n\n\n\n<p>HUN-REN Nyelvtudom\u00e1nyi Kutat\u00f3k\u00f6zpont Fonetikai Kutat\u00f3csoport: <a href=\"http:\/\/fonetika.nytud.hu\">http:\/\/fonetika.nytud.hu<\/a><\/p>\n\n\n\n<p>ELTE BTK: <a href=\"http:\/\/www.btk.elte.hu\/\">http:\/\/www.btk.elte.hu\/<\/a><\/p>\n\n\n\n<p>ELTE BTK Alkalmazott Nyelv\u00e9szeti \u00e9s Fonetikai Tansz\u00e9k: <a href=\"https:\/\/alknyelvfon.elte.hu\/\">https:\/\/alknyelvfon.elte.hu\/<\/a><\/p>\n\n\n\n<p>The LINGUIST List: <a href=\"https:\/\/linguistlist.org\/\">https:\/\/linguistlist.org\/<\/a><\/p>\n\n\n\n<p><\/p>\n","protected":false},"excerpt":{"rendered":"<p>MTA: http:\/\/mta.hu\/ HUN-REN Nyelvtudom\u00e1nyi Kutat\u00f3k\u00f6zpont: https:\/\/nytud.hu\/ HUN-REN Nyelvtudom\u00e1nyi Kutat\u00f3k\u00f6zpont \u00c1ltal\u00e1nos \u00e9s Magyar Nyelv\u00e9szeti Int\u00e9zet: https:\/\/nytud.hu\/kutatas\/intezet\/altalanos-es-magyar-nyelveszeti-intezet HUN-REN Nyelvtudom\u00e1nyi Kutat\u00f3k\u00f6zpont Fonetikai Kutat\u00f3csoport: http:\/\/fonetika.nytud.hu ELTE BTK: http:\/\/www.btk.elte.hu\/ ELTE BTK Alkalmazott Nyelv\u00e9szeti \u00e9s Fonetikai Tansz\u00e9k: https:\/\/alknyelvfon.elte.hu\/ The LINGUIST List: https:\/\/linguistlist.org\/<\/p>\n","protected":false},"author":2,"featured_media":0,"parent":0,"menu_order":7,"comment_status":"closed","ping_status":"closed","template":"","meta":{"footnotes":""},"class_list":["post-27","page","type-page","status-publish","hentry"],"_links":{"self":[{"href":"https:\/\/neurofon.nytud.hun-ren.hu\/en\/wp-json\/wp\/v2\/pages\/27","targetHints":{"allow":["GET"]}}],"collection":[{"href":"https:\/\/neurofon.nytud.hun-ren.hu\/en\/wp-json\/wp\/v2\/pages"}],"about":[{"href":"https:\/\/neurofon.nytud.hun-ren.hu\/en\/wp-json\/wp\/v2\/types\/page"}],"author":[{"embeddable":true,"href":"https:\/\/neurofon.nytud.hun-ren.hu\/en\/wp-json\/wp\/v2\/users\/2"}],"replies":[{"embeddable":true,"href":"https:\/\/neurofon.nytud.hun-ren.hu\/en\/wp-json\/wp\/v2\/comments?post=27"}],"version-history":[{"count":2,"href":"https:\/\/neurofon.nytud.hun-ren.hu\/en\/wp-json\/wp\/v2\/pages\/27\/revisions"}],"predecessor-version":[{"id":98,"href":"https:\/\/neurofon.nytud.hun-ren.hu\/en\/wp-json\/wp\/v2\/pages\/27\/revisions\/98"}],"wp:attachment":[{"href":"https:\/\/neurofon.nytud.hun-ren.hu\/en\/wp-json\/wp\/v2\/media?parent=27"}],"curies":[{"name":"wp","href":"https:\/\/api.w.org\/{rel}","templated":true}]}}