{"id":29,"date":"2024-10-27T06:31:30","date_gmt":"2024-10-27T05:31:30","guid":{"rendered":"https:\/\/neurofon.nytud.hun-ren.hu\/?page_id=29"},"modified":"2025-11-14T13:55:58","modified_gmt":"2025-11-14T12:55:58","slug":"a-kutatocsoportrol","status":"publish","type":"page","link":"https:\/\/neurofon.nytud.hun-ren.hu\/en\/a-kutatocsoportrol\/","title":{"rendered":"About the research group"},"content":{"rendered":"\n<p>Az <a href=\"https:\/\/neurofon.nytud.hun-ren.hu\/\">MTA\u2013ELTE NYTK Lend\u00fclet Neurofonetikai Kutat\u00f3csoport<\/a> 2024 \u0151sz\u00e9n alakult az MTA Lend\u00fclet p\u00e1ly\u00e1zat\u00e1nak keret\u00e9ben a HUN-REN Nyelvtudom\u00e1nyi Kutat\u00f3k\u00f6zpont Fonetikai kutat\u00f3csoportj\u00e1n bel\u00fcl, annak Neurolingvisztikai kutat\u00f3csoportj\u00e1val egy\u00fcttm\u0171k\u00f6d\u00e9sben.<\/p>\n\n\n\n<p>A kutat\u00f3csoport kutat\u00e1si t\u00e9m\u00e1ja els\u0151sorban neuroatipikus besz\u00e9l\u0151k besz\u00e9d\u00e9nek fonetikai szempont\u00fa vizsg\u00e1lata, amely sor\u00e1n egyes fonol\u00f3giai kontrasztok, azaz a nyelvre jellemz\u0151 szemben\u00e1ll\u00e1sok megval\u00f3sul\u00e1s\u00e1t elemzi neurotipikus besz\u00e9l\u0151k ejt\u00e9s\u00e9vel \u00f6sszevetve. Az artikul\u00e1ci\u00f3, azaz a besz\u00e9dk\u00e9pz\u00e9s \u00e9s az akusztikai szerkezet jellemz\u0151inek elemz\u00e9s\u00e9vel le\u00edrhat\u00f3 a specifikus besz\u00e9l\u0151i csoportokra jellemz\u0151 \u00e1ltal\u00e1nos mint\u00e1zat \u00e9s v\u00e1ltozatoss\u00e1g, felt\u00e1rhat\u00f3 a k\u00fcl\u00f6nb\u00f6z\u0151 szem\u00e9lyek besz\u00e9de k\u00f6z\u00f6tti elt\u00e9r\u00e9sek m\u00e9rt\u00e9ke \u00e9s t\u00edpusai. C\u00e9lcsoportjainkra valamilyen velesz\u00fcletett vagy neurodegenerat\u00edv betegs\u00e9g k\u00f6vetkezt\u00e9ben kialakult elt\u00e9r\u00e9s jellemz\u0151, amely kihat vagy kihathat a besz\u00e9dprodukci\u00f3ra. Ez\u00e1ltal az eredm\u00e9nyek nem csak a fonetika tudom\u00e1nya sz\u00e1m\u00e1ra, de a besz\u00e9ddiagn\u00f3zisban \u00e9s a -ter\u00e1pi\u00e1ban is felhaszn\u00e1lhat\u00f3ak.<\/p>\n\n\n\n<h2 class=\"wp-block-heading\">El\u0151zm\u00e9nyek<\/h2>\n\n\n\n<p>A neuroatipikus besz\u00e9d vizsg\u00e1lat\u00e1ban jelent\u0151s eredm\u00e9nyek sz\u00fclettek m\u00e1r magyar nyelvre is. A neurolingvisztikai \u00e9s a besz\u00e9dtechnol\u00f3giai kutat\u00e1sok (besz\u00e9l\u0151i csoportok automatikus oszt\u00e1lyoz\u00e1sa, besz\u00e9dleiratoz\u00e1s) eredm\u00e9nyei mellett a tempor\u00e1lis fonetikai vizsg\u00e1latok is jelent\u0151sek. Mindeddig azonban a spektr\u00e1lis fonetikai \u00e9s az artikul\u00e1ci\u00f3s vizsg\u00e1latok sporadikusak voltak, m\u00edg a nemzetk\u00f6zi irodalomb\u00f3l j\u00f3l l\u00e1that\u00f3, hogy az artikul\u00e1ci\u00f3 \u00e9s az akusztikai szerkezet saj\u00e1tos mint\u00e1zatokat \u00e9s variabilit\u00e1st mutat egy-egy neuroatipikus csoport eset\u00e9ben, ugyanakkor az egy-egy nyelvre jellemz\u0151 nyelvspecifikus jellemz\u0151k nem elhanyagolhat\u00f3ak. Vizsg\u00e1latainkban ezen ir\u00e1nyokban indulunk el a magyar, nyelvspecifikus jellemz\u0151k ment\u00e9n. <\/p>\n\n\n\n<p>A kutat\u00f3csoport l\u00e9trej\u00f6tt\u00e9ben jelent\u0151s szerepe volt egy kor\u00e1bbi Lend\u00fclet-csoportnak, az MTA\u2013ELTE Lend\u00fclet Lingv\u00e1lis Artikul\u00e1ci\u00f3 kutat\u00f3csoportnak (2016-2021, Mark\u00f3 Alexandra vezet\u00e9s\u00e9vel, <a href=\"http:\/\/lingart.elte.hu\" data-type=\"link\" data-id=\"lingart.elte.hu\">lingart.elte.hu<\/a>). Ennek a kutat\u00f3csoportnak a munk\u00e1j\u00e1val indultak \u00fajra az artikul\u00e1ci\u00f3s kutat\u00e1sok Magyarorsz\u00e1gon. H\u00e1rom vizsg\u00e1lati eszk\u00f6z k\u00f6z\u00fcl a nyelvultrahang haszn\u00e1lat\u00e1val folytat\u00f3dott\/alakult ki a legt\u00f6bb kutat\u00e1s itthon<sup data-fn=\"2909517c-308c-4e07-a780-c547ff62c619\" class=\"fn\"><a href=\"#2909517c-308c-4e07-a780-c547ff62c619\" id=\"2909517c-308c-4e07-a780-c547ff62c619-link\">1<\/a><\/sup>. A jelen projekt eset\u00e9ben is c\u00e9lunk az artikul\u00e1ci\u00f3, azaz a besz\u00e9dk\u00e9pz\u00e9s vizsg\u00e1lata, amelyben nyelvultrahanggal r\u00f6gz\u00edtett besz\u00e9dben a nyelv mozg\u00e1s\u00e1t, poz\u00edci\u00f3it is fogjuk elemezni abban a tekintetben, hogy a neuroatipikus besz\u00e9d eset\u00e9ben milyen jellemz\u0151k, esetlegesen a neurotipikust\u00f3l elt\u00e9r\u0151 mint\u00e1zatok jelennek meg, ezek hogyan magyar\u00e1zhat\u00f3ak \u00e9s felhaszn\u00e1lhat\u00f3ak.<\/p>\n\n\n\n<p><\/p>\n\n\n<ol class=\"wp-block-footnotes\"><li id=\"2909517c-308c-4e07-a780-c547ff62c619\">Mark\u00f3, Alexandra\u00a0\u2013\u00a0Gr\u00e1czi, Tekla Etelka\u00a0\u2013\u00a0Juh\u00e1sz, Korn\u00e9lia\u00a0\u2013\u00a0Deme, Andrea (2024). A brief historical survey of articulatory studies on the Hungarian language. In B\u00f3na, Judit (szerk.)\u00a0<em>HSCR 2024. Proceedings of the Sixth International Workshop on the History of Speech Communication Research. Budapest, September 20-21, 2024.\u00a0<\/em>TUDpress, Drezda,\u00a0106\u2013115. <a href=\"#2909517c-308c-4e07-a780-c547ff62c619-link\" aria-label=\"Jump to footnote reference 1\">\u21a9\ufe0e<\/a><\/li><\/ol>","protected":false},"excerpt":{"rendered":"<p>Az MTA\u2013ELTE NYTK Lend\u00fclet Neurofonetikai Kutat\u00f3csoport 2024 \u0151sz\u00e9n alakult az MTA Lend\u00fclet p\u00e1ly\u00e1zat\u00e1nak keret\u00e9ben a HUN-REN Nyelvtudom\u00e1nyi Kutat\u00f3k\u00f6zpont Fonetikai kutat\u00f3csoportj\u00e1n bel\u00fcl, annak Neurolingvisztikai kutat\u00f3csoportj\u00e1val egy\u00fcttm\u0171k\u00f6d\u00e9sben. A kutat\u00f3csoport kutat\u00e1si t\u00e9m\u00e1ja els\u0151sorban neuroatipikus besz\u00e9l\u0151k besz\u00e9d\u00e9nek fonetikai szempont\u00fa vizsg\u00e1lata, amely sor\u00e1n egyes fonol\u00f3giai kontrasztok, azaz a nyelvre jellemz\u0151 szemben\u00e1ll\u00e1sok megval\u00f3sul\u00e1s\u00e1t elemzi neurotipikus besz\u00e9l\u0151k ejt\u00e9s\u00e9vel \u00f6sszevetve. Az artikul\u00e1ci\u00f3, azaz [&hellip;]<\/p>\n","protected":false},"author":2,"featured_media":0,"parent":0,"menu_order":2,"comment_status":"closed","ping_status":"closed","template":"","meta":{"footnotes":"[{\"content\":\"Mark\u00f3, Alexandra\u00a0\u2013\u00a0Gr\u00e1czi, Tekla Etelka\u00a0\u2013\u00a0Juh\u00e1sz, Korn\u00e9lia\u00a0\u2013\u00a0Deme, Andrea (2024). A brief historical survey of articulatory studies on the Hungarian language. In B\u00f3na, Judit (szerk.)\u00a0<em>HSCR 2024. Proceedings of the Sixth International Workshop on the History of Speech Communication Research. Budapest, September 20-21, 2024.\u00a0<\/em>TUDpress, Drezda,\u00a0106\u2013115.\",\"id\":\"2909517c-308c-4e07-a780-c547ff62c619\"}]"},"class_list":["post-29","page","type-page","status-publish","hentry"],"_links":{"self":[{"href":"https:\/\/neurofon.nytud.hun-ren.hu\/en\/wp-json\/wp\/v2\/pages\/29","targetHints":{"allow":["GET"]}}],"collection":[{"href":"https:\/\/neurofon.nytud.hun-ren.hu\/en\/wp-json\/wp\/v2\/pages"}],"about":[{"href":"https:\/\/neurofon.nytud.hun-ren.hu\/en\/wp-json\/wp\/v2\/types\/page"}],"author":[{"embeddable":true,"href":"https:\/\/neurofon.nytud.hun-ren.hu\/en\/wp-json\/wp\/v2\/users\/2"}],"replies":[{"embeddable":true,"href":"https:\/\/neurofon.nytud.hun-ren.hu\/en\/wp-json\/wp\/v2\/comments?post=29"}],"version-history":[{"count":12,"href":"https:\/\/neurofon.nytud.hun-ren.hu\/en\/wp-json\/wp\/v2\/pages\/29\/revisions"}],"predecessor-version":[{"id":472,"href":"https:\/\/neurofon.nytud.hun-ren.hu\/en\/wp-json\/wp\/v2\/pages\/29\/revisions\/472"}],"wp:attachment":[{"href":"https:\/\/neurofon.nytud.hun-ren.hu\/en\/wp-json\/wp\/v2\/media?parent=29"}],"curies":[{"name":"wp","href":"https:\/\/api.w.org\/{rel}","templated":true}]}}